{"id":3401,"date":"2025-03-10T16:34:37","date_gmt":"2025-03-10T16:34:37","guid":{"rendered":"https:\/\/peters-sports.lu\/?page_id=3401"},"modified":"2025-05-12T10:25:32","modified_gmt":"2025-05-12T10:25:32","slug":"prints","status":"publish","type":"page","link":"https:\/\/peters-sports.lu\/fr\/prints\/","title":{"rendered":"Textil"},"content":{"rendered":"\t\t<div data-elementor-type=\"wp-page\" data-elementor-id=\"3401\" class=\"elementor elementor-3401\" data-elementor-post-type=\"page\">\n\t\t\t\t<div class=\"elementor-element elementor-element-20e4520 e-flex e-con-boxed e-con e-parent\" data-id=\"20e4520\" data-element_type=\"container\">\n\t\t\t\t\t<div class=\"e-con-inner\">\n\t\t<div class=\"elementor-element elementor-element-552f570 e-con-full e-flex elementor-invisible e-con e-child\" data-id=\"552f570\" data-element_type=\"container\" data-settings=\"{&quot;animation&quot;:&quot;fadeInLeft&quot;,&quot;animation_delay&quot;:500}\">\n\t\t\t\t<div class=\"elementor-element elementor-element-51da10a elementor-widget elementor-widget-heading\" data-id=\"51da10a\" data-element_type=\"widget\" data-widget_type=\"heading.default\">\n\t\t\t\t<div class=\"elementor-widget-container\">\n\t\t\t\t\t<h2 class=\"elementor-heading-title elementor-size-default\">Flex<\/h2>\t\t\t\t<\/div>\n\t\t\t\t<\/div>\n\t\t\t\t<div class=\"elementor-element elementor-element-a74ce97 animated-slow elementor-invisible elementor-widget elementor-widget-text-editor\" data-id=\"a74ce97\" data-element_type=\"widget\" data-settings=\"{&quot;_animation&quot;:&quot;fadeInLeft&quot;}\" data-widget_type=\"text-editor.default\">\n\t\t\t\t<div class=\"elementor-widget-container\">\n\t\t\t\t\t\t\t\t\t<p><span style=\"color: #0000ff;\">Haute brillance des couleurs :<\/span><\/p><p>Les couleurs d\u2019impression sont lumineuses, l\u00e9g\u00e8rement brillantes et ont un contraste \u00e9lev\u00e9.<\/p><p><span style=\"color: #0000ff;\">Haute durabilit\u00e9 :<\/span><\/p><p>La forme et la brillance des couleurs de l\u2019impression sont maintenues m\u00eame apr\u00e8s 100 lavages.<\/p><p>L\u2019impression flex est extensible et r\u00e9sistante, m\u00eame les lignes fines ne se cassent pas.<\/p><p><span style=\"color: #0000ff;\">Surface<\/span><\/p><p>Mat et sans reflet<\/p><p><span style=\"color: #0000ff;\">Adapt\u00e9 pour :<\/span><\/p><p>Motifs monochromes, \u00e9paisseur minimale des traits de texte et logos de 1,5 mm.<\/p>\t\t\t\t\t\t\t\t<\/div>\n\t\t\t\t<\/div>\n\t\t\t\t<\/div>\n\t\t<div class=\"elementor-element elementor-element-5b37cdc e-con-full e-flex elementor-invisible e-con e-child\" data-id=\"5b37cdc\" data-element_type=\"container\" data-settings=\"{&quot;animation&quot;:&quot;fadeInRight&quot;,&quot;animation_delay&quot;:500}\">\n\t\t<div class=\"elementor-element elementor-element-31beb98 e-con-full e-flex e-con e-child\" data-id=\"31beb98\" data-element_type=\"container\" data-settings=\"{&quot;background_background&quot;:&quot;gradient&quot;}\">\n\t\t\t\t<div class=\"elementor-element elementor-element-6462436 elementor-widget elementor-widget-image\" data-id=\"6462436\" data-element_type=\"widget\" data-widget_type=\"image.default\">\n\t\t\t\t<div class=\"elementor-widget-container\">\n\t\t\t\t\t\t\t\t\t\t\t\t\t\t\t<img fetchpriority=\"high\" decoding=\"async\" width=\"768\" height=\"768\" src=\"https:\/\/peters-sports.lu\/wp-content\/uploads\/2025\/03\/flex-vorne-768x768.png\" class=\"attachment-medium_large size-medium_large wp-image-3313\" alt=\"\" srcset=\"https:\/\/peters-sports.lu\/wp-content\/uploads\/2025\/03\/flex-vorne-768x768.png 768w, https:\/\/peters-sports.lu\/wp-content\/uploads\/2025\/03\/flex-vorne-300x300.png 300w, https:\/\/peters-sports.lu\/wp-content\/uploads\/2025\/03\/flex-vorne-1030x1030.png 1030w, https:\/\/peters-sports.lu\/wp-content\/uploads\/2025\/03\/flex-vorne-80x80.png 80w, https:\/\/peters-sports.lu\/wp-content\/uploads\/2025\/03\/flex-vorne-1536x1536.png 1536w, https:\/\/peters-sports.lu\/wp-content\/uploads\/2025\/03\/flex-vorne-2048x2048.png 2048w\" sizes=\"(max-width: 768px) 100vw, 768px\" \/>\t\t\t\t\t\t\t\t\t\t\t\t\t\t\t<\/div>\n\t\t\t\t<\/div>\n\t\t\t\t<\/div>\n\t\t\t\t<\/div>\n\t\t\t\t\t<\/div>\n\t\t\t\t<\/div>\n\t\t<div class=\"elementor-element elementor-element-5550bea e-flex e-con-boxed e-con e-parent\" data-id=\"5550bea\" data-element_type=\"container\">\n\t\t\t\t\t<div class=\"e-con-inner\">\n\t\t<div class=\"elementor-element elementor-element-20b1557 e-con-full e-flex elementor-invisible e-con e-child\" data-id=\"20b1557\" data-element_type=\"container\" data-settings=\"{&quot;animation&quot;:&quot;fadeInRight&quot;,&quot;animation_delay&quot;:500}\">\n\t\t\t\t<div class=\"elementor-element elementor-element-ca3707b elementor-widget elementor-widget-heading\" data-id=\"ca3707b\" data-element_type=\"widget\" data-widget_type=\"heading.default\">\n\t\t\t\t<div class=\"elementor-widget-container\">\n\t\t\t\t\t<h2 class=\"elementor-heading-title elementor-size-default\">Sublimation<\/h2>\t\t\t\t<\/div>\n\t\t\t\t<\/div>\n\t\t\t\t<div class=\"elementor-element elementor-element-7903892 elementor-widget elementor-widget-text-editor\" data-id=\"7903892\" data-element_type=\"widget\" data-widget_type=\"text-editor.default\">\n\t\t\t\t<div class=\"elementor-widget-container\">\n\t\t\t\t\t\t\t\t\t<p><span style=\"color: #0000ff;\">IMPRESSION DIRECTE DANS LES FIBRES :<\/span><\/p><p>L\u2019encre d\u2019impression est directement imprim\u00e9e dans le v\u00eatement (fibre textile). Pour les articles fonctionnels, cela conserve toute la respirabilit\u00e9.<\/p><p><span style=\"color: #0000ff;\">Haute durabilit\u00e9 :<\/span><\/p><p>Contrairement \u00e0 d\u2019autres techniques d\u2019impression, le motif imprim\u00e9 n\u2019est pas perceptible au toucher et ne s\u2019efface pas au lavage.<\/p><p><span style=\"color: #0000ff;\">Palette de couleurs illimit\u00e9e<\/span><\/p><p>Un nombre illimit\u00e9 de couleurs est disponible, les d\u00e9grad\u00e9s de couleurs sont possibles.<\/p><p><span style=\"color: #0000ff;\">Adapt\u00e9 pour :<\/span><\/p><p>Textile blanc avec 100 % de polyester, images et logos avec de nombreuses couleurs ou d\u00e9grad\u00e9s de couleurs.<\/p>\t\t\t\t\t\t\t\t<\/div>\n\t\t\t\t<\/div>\n\t\t\t\t<\/div>\n\t\t<div class=\"elementor-element elementor-element-a90d023 e-con-full e-flex elementor-invisible e-con e-child\" data-id=\"a90d023\" data-element_type=\"container\" data-settings=\"{&quot;animation&quot;:&quot;fadeInLeft&quot;,&quot;animation_delay&quot;:500}\">\n\t\t<div class=\"elementor-element elementor-element-78d7b75 e-con-full e-flex e-con e-child\" data-id=\"78d7b75\" data-element_type=\"container\" data-settings=\"{&quot;background_background&quot;:&quot;gradient&quot;}\">\n\t\t\t\t<div class=\"elementor-element elementor-element-1ab44f9 elementor-widget elementor-widget-image\" data-id=\"1ab44f9\" data-element_type=\"widget\" data-widget_type=\"image.default\">\n\t\t\t\t<div class=\"elementor-widget-container\">\n\t\t\t\t\t\t\t\t\t\t\t\t\t\t\t<img decoding=\"async\" width=\"768\" height=\"768\" src=\"https:\/\/peters-sports.lu\/wp-content\/uploads\/2025\/03\/Sublimation-768x768.png\" class=\"attachment-medium_large size-medium_large wp-image-3381\" alt=\"\" srcset=\"https:\/\/peters-sports.lu\/wp-content\/uploads\/2025\/03\/Sublimation-768x768.png 768w, https:\/\/peters-sports.lu\/wp-content\/uploads\/2025\/03\/Sublimation-300x300.png 300w, https:\/\/peters-sports.lu\/wp-content\/uploads\/2025\/03\/Sublimation-1030x1030.png 1030w, https:\/\/peters-sports.lu\/wp-content\/uploads\/2025\/03\/Sublimation-80x80.png 80w, https:\/\/peters-sports.lu\/wp-content\/uploads\/2025\/03\/Sublimation-1536x1536.png 1536w, https:\/\/peters-sports.lu\/wp-content\/uploads\/2025\/03\/Sublimation-2048x2048.png 2048w\" sizes=\"(max-width: 768px) 100vw, 768px\" \/>\t\t\t\t\t\t\t\t\t\t\t\t\t\t\t<\/div>\n\t\t\t\t<\/div>\n\t\t\t\t<\/div>\n\t\t\t\t<\/div>\n\t\t\t\t\t<\/div>\n\t\t\t\t<\/div>\n\t\t<div class=\"elementor-element elementor-element-656d7f3 e-flex e-con-boxed e-con e-parent\" data-id=\"656d7f3\" data-element_type=\"container\" data-settings=\"{&quot;animation&quot;:&quot;none&quot;}\">\n\t\t\t\t\t<div class=\"e-con-inner\">\n\t\t<div class=\"elementor-element elementor-element-1b2898b e-flex e-con-boxed elementor-invisible e-con e-child\" data-id=\"1b2898b\" data-element_type=\"container\" data-settings=\"{&quot;animation&quot;:&quot;fadeInLeft&quot;,&quot;animation_delay&quot;:500}\">\n\t\t\t\t\t<div class=\"e-con-inner\">\n\t\t\t\t<div class=\"elementor-element elementor-element-ac70bba elementor-widget elementor-widget-heading\" data-id=\"ac70bba\" data-element_type=\"widget\" data-widget_type=\"heading.default\">\n\t\t\t\t<div class=\"elementor-widget-container\">\n\t\t\t\t\t<h2 class=\"elementor-heading-title elementor-size-default\">Custom<\/h2>\t\t\t\t<\/div>\n\t\t\t\t<\/div>\n\t\t<div class=\"elementor-element elementor-element-e3bff4f e-con-full e-flex e-con e-child\" data-id=\"e3bff4f\" data-element_type=\"container\" data-settings=\"{&quot;background_background&quot;:&quot;gradient&quot;}\">\n\t\t\t\t<div class=\"elementor-element elementor-element-34c330d elementor-widget elementor-widget-text-editor\" data-id=\"34c330d\" data-element_type=\"widget\" data-widget_type=\"text-editor.default\">\n\t\t\t\t<div class=\"elementor-widget-container\">\n\t\t\t\t\t\t\t\t\t<p>Vous voulez vous distinguer dans le sport, attirer l&rsquo;attention avec votre club.<\/p><p>De la mise en page \u00e0 la r\u00e9alisation de la chemise, Peters Sports vous aide \u00e0 obtenir un r\u00e9sultat optimal.<\/p><p>Le processus est le suivant :<\/p><p>1. demande de renseignements<\/p><p>2. discussion sur la mise en page et les souhaits de design.<\/p><p>3. r\u00e9alisation de la maquette<\/p><p>4.approbation et production<\/p><p>Attention : d\u00e9lai de livraison minimum de 4 semaines apr\u00e8s approbation du bon \u00e0 tirer.<\/p>\t\t\t\t\t\t\t\t<\/div>\n\t\t\t\t<\/div>\n\t\t\t\t<\/div>\n\t\t\t\t\t<\/div>\n\t\t\t\t<\/div>\n\t\t<div class=\"elementor-element elementor-element-6d50fe5 e-con-full e-flex elementor-invisible e-con e-child\" data-id=\"6d50fe5\" data-element_type=\"container\" data-settings=\"{&quot;animation&quot;:&quot;fadeInRight&quot;,&quot;animation_delay&quot;:500}\">\n\t\t<div class=\"elementor-element elementor-element-f81482f e-con-full e-flex e-con e-child\" data-id=\"f81482f\" data-element_type=\"container\" data-settings=\"{&quot;background_background&quot;:&quot;gradient&quot;}\">\n\t\t\t\t<div class=\"elementor-element elementor-element-cbbb32b elementor-widget elementor-widget-image\" data-id=\"cbbb32b\" data-element_type=\"widget\" data-widget_type=\"image.default\">\n\t\t\t\t<div class=\"elementor-widget-container\">\n\t\t\t\t\t\t\t\t\t\t\t\t\t\t\t<img decoding=\"async\" width=\"768\" height=\"768\" src=\"https:\/\/peters-sports.lu\/wp-content\/uploads\/2025\/03\/full-subli-768x768.png\" class=\"attachment-medium_large size-medium_large wp-image-3316\" alt=\"\" srcset=\"https:\/\/peters-sports.lu\/wp-content\/uploads\/2025\/03\/full-subli-768x768.png 768w, https:\/\/peters-sports.lu\/wp-content\/uploads\/2025\/03\/full-subli-300x300.png 300w, https:\/\/peters-sports.lu\/wp-content\/uploads\/2025\/03\/full-subli-1030x1030.png 1030w, https:\/\/peters-sports.lu\/wp-content\/uploads\/2025\/03\/full-subli-80x80.png 80w, https:\/\/peters-sports.lu\/wp-content\/uploads\/2025\/03\/full-subli-1536x1536.png 1536w, https:\/\/peters-sports.lu\/wp-content\/uploads\/2025\/03\/full-subli-2048x2048.png 2048w\" sizes=\"(max-width: 768px) 100vw, 768px\" \/>\t\t\t\t\t\t\t\t\t\t\t\t\t\t\t<\/div>\n\t\t\t\t<\/div>\n\t\t\t\t<\/div>\n\t\t\t\t<\/div>\n\t\t\t\t\t<\/div>\n\t\t\t\t<\/div>\n\t\t<div class=\"elementor-element elementor-element-17dc4b5 e-flex e-con-boxed elementor-invisible e-con e-parent\" data-id=\"17dc4b5\" data-element_type=\"container\" data-settings=\"{&quot;animation&quot;:&quot;fadeInUp&quot;,&quot;animation_delay&quot;:500}\">\n\t\t\t\t\t<div class=\"e-con-inner\">\n\t\t<div class=\"elementor-element elementor-element-a25eb1b e-con-full e-flex e-con e-child\" data-id=\"a25eb1b\" data-element_type=\"container\">\n\t\t\t\t<div class=\"elementor-element elementor-element-d60982c elementor-widget elementor-widget-heading\" data-id=\"d60982c\" data-element_type=\"widget\" data-widget_type=\"heading.default\">\n\t\t\t\t<div class=\"elementor-widget-container\">\n\t\t\t\t\t<h2 class=\"elementor-heading-title elementor-size-default\">Dtf<\/h2>\t\t\t\t<\/div>\n\t\t\t\t<\/div>\n\t\t<div class=\"elementor-element elementor-element-4910c87 e-con-full e-flex e-con e-child\" data-id=\"4910c87\" data-element_type=\"container\" data-settings=\"{&quot;background_background&quot;:&quot;gradient&quot;}\">\n\t\t\t\t<div class=\"elementor-element elementor-element-0fc6372 elementor-widget elementor-widget-text-editor\" data-id=\"0fc6372\" data-element_type=\"widget\" data-widget_type=\"text-editor.default\">\n\t\t\t\t<div class=\"elementor-widget-container\">\n\t\t\t\t\t\t\t\t\t<p>Avec l\u2019impression par transfert num\u00e9rique, des motifs simples et complexes peuvent \u00eatre imprim\u00e9s en haute qualit\u00e9 sur des textiles.<\/p><p>Un film de transfert est imprim\u00e9 avec de l&rsquo;encre, puis d\u00e9coup\u00e9 m\u00e9caniquement. Le motif est ensuite appliqu\u00e9 sur les textiles \u00e0 l&rsquo;aide d&rsquo;une presse de transfert.<\/p>\t\t\t\t\t\t\t\t<\/div>\n\t\t\t\t<\/div>\n\t\t\t\t<\/div>\n\t\t<div class=\"elementor-element elementor-element-0ec5283 e-con-full e-flex e-con e-child\" data-id=\"0ec5283\" data-element_type=\"container\" data-settings=\"{&quot;background_background&quot;:&quot;gradient&quot;}\">\n\t\t\t\t<div class=\"elementor-element elementor-element-a05d707 elementor-widget elementor-widget-text-editor\" data-id=\"a05d707\" data-element_type=\"widget\" data-widget_type=\"text-editor.default\">\n\t\t\t\t<div class=\"elementor-widget-container\">\n\t\t\t\t\t\t\t\t\t<p><span style=\"color: #0000ff;\">AVANTAGES<\/span><\/p><ul><li>Choix de couleurs illimit\u00e9<\/li><li>Haute r\u00e9sistance au lavage (lavable jusqu&rsquo;\u00e0 30 degr\u00e9s)<\/li><li>R\u00e9sultats d&rsquo;impression d\u00e9taill\u00e9s et brillants<\/li><li>Diff\u00e9rents textiles imprimables<\/li><\/ul><p>\u00a0<\/p><p><span style=\"color: #0000ff;\">\u00c0 NOTER<\/span><\/p><ul><li>Les couleurs fluorissantes ne sont pas faisables.<\/li><li>Les couleurs \u201cPantone\u201d ne peuvent pas \u00eatre utilis\u00e9es.<\/li><li>Le confort de port est r\u00e9duit pour les grands motifs<\/li><\/ul>\t\t\t\t\t\t\t\t<\/div>\n\t\t\t\t<\/div>\n\t\t\t\t<\/div>\n\t\t\t\t<\/div>\n\t\t<div class=\"elementor-element elementor-element-d237252 e-con-full e-flex e-con e-child\" data-id=\"d237252\" data-element_type=\"container\">\n\t\t<div class=\"elementor-element elementor-element-e8cba26 e-con-full e-flex e-con e-child\" data-id=\"e8cba26\" data-element_type=\"container\" data-settings=\"{&quot;background_background&quot;:&quot;classic&quot;}\">\n\t\t\t\t<\/div>\n\t\t\t\t<\/div>\n\t\t\t\t\t<\/div>\n\t\t\t\t<\/div>\n\t\t<div class=\"elementor-element elementor-element-17169da e-flex e-con-boxed e-con e-parent\" data-id=\"17169da\" data-element_type=\"container\">\n\t\t\t\t\t<div class=\"e-con-inner\">\n\t\t\t\t\t<\/div>\n\t\t\t\t<\/div>\n\t\t\t\t<\/div>\n\t\t","protected":false},"excerpt":{"rendered":"<p>Flex Haute brillance des couleurs : Les couleurs d\u2019impression sont lumineuses, l\u00e9g\u00e8rement brillantes et ont un contraste \u00e9lev\u00e9. Haute durabilit\u00e9 : La forme et la brillance des couleurs de l\u2019impression sont maintenues m\u00eame apr\u00e8s 100 lavages. L\u2019impression flex est extensible et r\u00e9sistante, m\u00eame les lignes fines ne se cassent pas. Surface Mat et sans reflet [&hellip;]<\/p>\n","protected":false},"author":6,"featured_media":0,"parent":0,"menu_order":0,"comment_status":"closed","ping_status":"closed","template":"elementor_header_footer","meta":{"footnotes":""},"class_list":["post-3401","page","type-page","status-publish","hentry"],"jetpack_sharing_enabled":true,"_links":{"self":[{"href":"https:\/\/peters-sports.lu\/fr\/wp-json\/wp\/v2\/pages\/3401","targetHints":{"allow":["GET"]}}],"collection":[{"href":"https:\/\/peters-sports.lu\/fr\/wp-json\/wp\/v2\/pages"}],"about":[{"href":"https:\/\/peters-sports.lu\/fr\/wp-json\/wp\/v2\/types\/page"}],"author":[{"embeddable":true,"href":"https:\/\/peters-sports.lu\/fr\/wp-json\/wp\/v2\/users\/6"}],"replies":[{"embeddable":true,"href":"https:\/\/peters-sports.lu\/fr\/wp-json\/wp\/v2\/comments?post=3401"}],"version-history":[{"count":55,"href":"https:\/\/peters-sports.lu\/fr\/wp-json\/wp\/v2\/pages\/3401\/revisions"}],"predecessor-version":[{"id":7770,"href":"https:\/\/peters-sports.lu\/fr\/wp-json\/wp\/v2\/pages\/3401\/revisions\/7770"}],"wp:attachment":[{"href":"https:\/\/peters-sports.lu\/fr\/wp-json\/wp\/v2\/media?parent=3401"}],"curies":[{"name":"wp","href":"https:\/\/api.w.org\/{rel}","templated":true}]}}