{"id":3579,"date":"2025-03-12T09:36:28","date_gmt":"2025-03-12T09:36:28","guid":{"rendered":"https:\/\/peters-sports.lu\/?page_id=3579"},"modified":"2025-06-08T10:50:18","modified_gmt":"2025-06-08T10:50:18","slug":"wetsuit-test","status":"publish","type":"page","link":"https:\/\/peters-sports.lu\/fr\/wetsuit-test\/","title":{"rendered":"Wetsuit Test"},"content":{"rendered":"\t\t<div data-elementor-type=\"wp-page\" data-elementor-id=\"3579\" class=\"elementor elementor-3579\" data-elementor-post-type=\"page\">\n\t\t\t\t<div class=\"elementor-element elementor-element-9f49b78 e-flex e-con-boxed elementor-invisible e-con e-parent\" data-id=\"9f49b78\" data-element_type=\"container\" id=\"\u00fc\" data-settings=\"{&quot;animation&quot;:&quot;fadeInUp&quot;}\">\n\t\t\t\t\t<div class=\"e-con-inner\">\n\t\t<div class=\"elementor-element elementor-element-e16455f e-con-full e-flex elementor-invisible e-con e-child\" data-id=\"e16455f\" data-element_type=\"container\" data-settings=\"{&quot;background_background&quot;:&quot;classic&quot;,&quot;animation&quot;:&quot;fadeInDown&quot;}\">\n\t\t<div class=\"elementor-element elementor-element-04a9d34 e-con-full e-flex e-con e-child\" data-id=\"04a9d34\" data-element_type=\"container\">\n\t\t\t\t<div class=\"elementor-element elementor-element-cbc4946 elementor-widget elementor-widget-heading\" data-id=\"cbc4946\" data-element_type=\"widget\" data-widget_type=\"heading.default\">\n\t\t\t\t<div class=\"elementor-widget-container\">\n\t\t\t\t\t<h2 class=\"elementor-heading-title elementor-size-default\"><span class=\"brightblue\">Un test de combinaisons de natation <\/span> <span class=\"white\">(wetsuit) <\/span> <\/h2>\t\t\t\t<\/div>\n\t\t\t\t<\/div>\n\t\t\t\t<div class=\"elementor-element elementor-element-46f0973 elementor-widget elementor-widget-text-editor\" data-id=\"46f0973\" data-element_type=\"widget\" data-widget_type=\"text-editor.default\">\n\t\t\t\t<div class=\"elementor-widget-container\">\n\t\t\t\t\t\t\t\t\t<p>peut-\u00eatre un processus utile et \u00e9conomisant du temps pour les triathl\u00e8tes et nageu-rs\/ses amateurs, car ils n&rsquo;ont g\u00e9n\u00e9ralement pas la possibilit\u00e9 d&rsquo;essayer de diff\u00e9rentes marques et mod\u00e8les de combinaisons dans l&rsquo;eau en peu de temps. Gr\u00e2ce \u00e0 notre propre piscine \u00e0 contre-courant, chaque client peut essayer et nager dans tous les mod\u00e8les et marques de combinaisons (wetsuits)disponibles chez Peters Sports. Gr\u00e2ce au test, l&rsquo;athl\u00e8te peut s&rsquo;assurer que sa combinaison de n\u00e9opr\u00e8ne choisie, r\u00e9pond \u00e0 tous les crit\u00e8res importants pour lui\/elle (ajustement, confort, flottabilit\u00e9, flexibilit\u00e9, chaleur et durabilit\u00e9).<\/p>\t\t\t\t\t\t\t\t<\/div>\n\t\t\t\t<\/div>\n\t\t\t\t<\/div>\n\t\t\t\t<\/div>\n\t\t<div class=\"elementor-element elementor-element-b5a31b8 e-con-full e-flex e-con e-child\" data-id=\"b5a31b8\" data-element_type=\"container\" data-settings=\"{&quot;background_background&quot;:&quot;classic&quot;,&quot;background_motion_fx_motion_fx_mouse&quot;:&quot;yes&quot;,&quot;background_motion_fx_mouseTrack_effect&quot;:&quot;yes&quot;,&quot;background_motion_fx_mouseTrack_direction&quot;:&quot;negative&quot;,&quot;background_motion_fx_mouseTrack_speed&quot;:{&quot;unit&quot;:&quot;px&quot;,&quot;size&quot;:1,&quot;sizes&quot;:[]}}\">\n\t\t\t\t<\/div>\n\t\t\t\t\t<\/div>\n\t\t\t\t<\/div>\n\t\t<div class=\"elementor-element elementor-element-e399c65 e-flex e-con-boxed e-con e-parent\" data-id=\"e399c65\" data-element_type=\"container\">\n\t\t\t\t\t<div class=\"e-con-inner\">\n\t\t\t\t<div class=\"elementor-element elementor-element-afc7ed2 elementor-view-stacked elementor-shape-square elementor-hidden-tablet elementor-hidden-mobile elementor-invisible elementor-widget elementor-widget-icon\" data-id=\"afc7ed2\" data-element_type=\"widget\" data-settings=\"{&quot;_animation&quot;:&quot;bounce&quot;}\" data-widget_type=\"icon.default\">\n\t\t\t\t<div class=\"elementor-widget-container\">\n\t\t\t\t\t\t\t<div class=\"elementor-icon-wrapper\">\n\t\t\t<a class=\"elementor-icon\" href=\"#examples\">\n\t\t\t<svg aria-hidden=\"true\" class=\"e-font-icon-svg e-fas-angle-down\" viewBox=\"0 0 320 512\" xmlns=\"http:\/\/www.w3.org\/2000\/svg\"><path d=\"M143 352.3L7 216.3c-9.4-9.4-9.4-24.6 0-33.9l22.6-22.6c9.4-9.4 24.6-9.4 33.9 0l96.4 96.4 96.4-96.4c9.4-9.4 24.6-9.4 33.9 0l22.6 22.6c9.4 9.4 9.4 24.6 0 33.9l-136 136c-9.2 9.4-24.4 9.4-33.8 0z\"><\/path><\/svg>\t\t\t<\/a>\n\t\t<\/div>\n\t\t\t\t\t\t<\/div>\n\t\t\t\t<\/div>\n\t\t\t\t\t<\/div>\n\t\t\t\t<\/div>\n\t\t<div class=\"elementor-element elementor-element-3699942 e-flex e-con-boxed e-con e-parent\" data-id=\"3699942\" data-element_type=\"container\" id=\"examples\" data-settings=\"{&quot;background_background&quot;:&quot;gradient&quot;}\">\n\t\t\t\t\t<div class=\"e-con-inner\">\n\t\t<div class=\"elementor-element elementor-element-d5d7e00 e-flex e-con-boxed e-con e-child\" data-id=\"d5d7e00\" data-element_type=\"container\">\n\t\t\t\t\t<div class=\"e-con-inner\">\n\t\t\t\t<div class=\"elementor-element elementor-element-631834c elementor-widget elementor-widget-heading\" data-id=\"631834c\" data-element_type=\"widget\" data-widget_type=\"heading.default\">\n\t\t\t\t<div class=\"elementor-widget-container\">\n\t\t\t\t\t<h2 class=\"elementor-heading-title elementor-size-default\">Examples<\/h2>\t\t\t\t<\/div>\n\t\t\t\t<\/div>\n\t\t\t\t<div class=\"elementor-element elementor-element-33a0636 animated-slow elementor-invisible elementor-widget elementor-widget-image\" data-id=\"33a0636\" data-element_type=\"widget\" data-settings=\"{&quot;_animation&quot;:&quot;bounceInLeft&quot;}\" data-widget_type=\"image.default\">\n\t\t\t\t<div class=\"elementor-widget-container\">\n\t\t\t\t\t\t\t\t\t\t\t\t\t\t\t<img fetchpriority=\"high\" decoding=\"async\" width=\"800\" height=\"534\" src=\"https:\/\/peters-sports.lu\/wp-content\/uploads\/2025\/03\/wetsuit-1030x687.png\" class=\"attachment-large size-large wp-image-3625\" alt=\"\" srcset=\"https:\/\/peters-sports.lu\/wp-content\/uploads\/2025\/03\/wetsuit-1030x687.png 1030w, https:\/\/peters-sports.lu\/wp-content\/uploads\/2025\/03\/wetsuit-300x200.png 300w, https:\/\/peters-sports.lu\/wp-content\/uploads\/2025\/03\/wetsuit-768x512.png 768w, https:\/\/peters-sports.lu\/wp-content\/uploads\/2025\/03\/wetsuit-1536x1024.png 1536w, https:\/\/peters-sports.lu\/wp-content\/uploads\/2025\/03\/wetsuit-2048x1365.png 2048w\" sizes=\"(max-width: 800px) 100vw, 800px\" \/>\t\t\t\t\t\t\t\t\t\t\t\t\t\t\t<\/div>\n\t\t\t\t<\/div>\n\t\t\t\t\t<\/div>\n\t\t\t\t<\/div>\n\t\t\t\t<div class=\"elementor-element elementor-element-dde852a elementor-view-stacked elementor-shape-square elementor-hidden-tablet elementor-hidden-mobile elementor-invisible elementor-widget elementor-widget-icon\" data-id=\"dde852a\" data-element_type=\"widget\" data-settings=\"{&quot;_animation&quot;:&quot;bounce&quot;}\" data-widget_type=\"icon.default\">\n\t\t\t\t<div class=\"elementor-widget-container\">\n\t\t\t\t\t\t\t<div class=\"elementor-icon-wrapper\">\n\t\t\t<a class=\"elementor-icon\" href=\"#interesse\">\n\t\t\t<svg aria-hidden=\"true\" class=\"e-font-icon-svg e-fas-angle-down\" viewBox=\"0 0 320 512\" xmlns=\"http:\/\/www.w3.org\/2000\/svg\"><path d=\"M143 352.3L7 216.3c-9.4-9.4-9.4-24.6 0-33.9l22.6-22.6c9.4-9.4 24.6-9.4 33.9 0l96.4 96.4 96.4-96.4c9.4-9.4 24.6-9.4 33.9 0l22.6 22.6c9.4 9.4 9.4 24.6 0 33.9l-136 136c-9.2 9.4-24.4 9.4-33.8 0z\"><\/path><\/svg>\t\t\t<\/a>\n\t\t<\/div>\n\t\t\t\t\t\t<\/div>\n\t\t\t\t<\/div>\n\t\t<div class=\"elementor-element elementor-element-fb7bbda e-con-full e-flex e-con e-child\" data-id=\"fb7bbda\" data-element_type=\"container\">\n\t\t\t\t<div class=\"elementor-element elementor-element-70a7e6f elementor-widget elementor-widget-heading\" data-id=\"70a7e6f\" data-element_type=\"widget\" data-widget_type=\"heading.default\">\n\t\t\t\t<div class=\"elementor-widget-container\">\n\t\t\t\t\t<h2 class=\"elementor-heading-title elementor-size-default\">Marques<\/h2>\t\t\t\t<\/div>\n\t\t\t\t<\/div>\n\t\t\t\t<div class=\"elementor-element elementor-element-5178f71 elementor-invisible elementor-widget elementor-widget-image\" data-id=\"5178f71\" data-element_type=\"widget\" data-settings=\"{&quot;_animation&quot;:&quot;bounceInRight&quot;}\" data-widget_type=\"image.default\">\n\t\t\t\t<div class=\"elementor-widget-container\">\n\t\t\t\t\t\t\t\t\t\t\t\t\t\t\t<img decoding=\"async\" width=\"1273\" height=\"929\" src=\"https:\/\/peters-sports.lu\/wp-content\/uploads\/2025\/03\/sailfish.png\" class=\"attachment-2048x2048 size-2048x2048 wp-image-3874\" alt=\"\" srcset=\"https:\/\/peters-sports.lu\/wp-content\/uploads\/2025\/03\/sailfish.png 1273w, https:\/\/peters-sports.lu\/wp-content\/uploads\/2025\/03\/sailfish-300x219.png 300w, https:\/\/peters-sports.lu\/wp-content\/uploads\/2025\/03\/sailfish-1030x752.png 1030w, https:\/\/peters-sports.lu\/wp-content\/uploads\/2025\/03\/sailfish-768x560.png 768w\" sizes=\"(max-width: 1273px) 100vw, 1273px\" \/>\t\t\t\t\t\t\t\t\t\t\t\t\t\t\t<\/div>\n\t\t\t\t<\/div>\n\t\t\t\t<div class=\"elementor-element elementor-element-c0985be elementor-invisible elementor-widget elementor-widget-image\" data-id=\"c0985be\" data-element_type=\"widget\" data-settings=\"{&quot;_animation&quot;:&quot;bounceInRight&quot;}\" data-widget_type=\"image.default\">\n\t\t\t\t<div class=\"elementor-widget-container\">\n\t\t\t\t\t\t\t\t\t\t\t\t\t\t\t<img decoding=\"async\" width=\"1281\" height=\"443\" src=\"https:\/\/peters-sports.lu\/wp-content\/uploads\/2025\/03\/zerod.png\" class=\"attachment-full size-full wp-image-3877\" alt=\"\" srcset=\"https:\/\/peters-sports.lu\/wp-content\/uploads\/2025\/03\/zerod.png 1281w, https:\/\/peters-sports.lu\/wp-content\/uploads\/2025\/03\/zerod-300x104.png 300w, https:\/\/peters-sports.lu\/wp-content\/uploads\/2025\/03\/zerod-1030x356.png 1030w, https:\/\/peters-sports.lu\/wp-content\/uploads\/2025\/03\/zerod-768x266.png 768w\" sizes=\"(max-width: 1281px) 100vw, 1281px\" \/>\t\t\t\t\t\t\t\t\t\t\t\t\t\t\t<\/div>\n\t\t\t\t<\/div>\n\t\t\t\t<div class=\"elementor-element elementor-element-563b5d4 elementor-invisible elementor-widget elementor-widget-image\" data-id=\"563b5d4\" data-element_type=\"widget\" data-settings=\"{&quot;_animation&quot;:&quot;bounceInRight&quot;}\" data-widget_type=\"image.default\">\n\t\t\t\t<div class=\"elementor-widget-container\">\n\t\t\t\t\t\t\t\t\t\t\t\t\t\t\t<img loading=\"lazy\" decoding=\"async\" width=\"1767\" height=\"1134\" src=\"https:\/\/peters-sports.lu\/wp-content\/uploads\/2025\/03\/zoggs.png\" class=\"attachment-full size-full wp-image-3880\" alt=\"\" srcset=\"https:\/\/peters-sports.lu\/wp-content\/uploads\/2025\/03\/zoggs.png 1767w, https:\/\/peters-sports.lu\/wp-content\/uploads\/2025\/03\/zoggs-300x193.png 300w, https:\/\/peters-sports.lu\/wp-content\/uploads\/2025\/03\/zoggs-1030x661.png 1030w, https:\/\/peters-sports.lu\/wp-content\/uploads\/2025\/03\/zoggs-768x493.png 768w, https:\/\/peters-sports.lu\/wp-content\/uploads\/2025\/03\/zoggs-1536x986.png 1536w\" sizes=\"(max-width: 1767px) 100vw, 1767px\" \/>\t\t\t\t\t\t\t\t\t\t\t\t\t\t\t<\/div>\n\t\t\t\t<\/div>\n\t\t\t\t<\/div>\n\t\t\t\t\t<\/div>\n\t\t\t\t<\/div>\n\t\t<div class=\"elementor-element elementor-element-1798580 e-con-full e-flex e-con e-parent\" data-id=\"1798580\" data-element_type=\"container\" id=\"interesse\" data-settings=\"{&quot;motion_fx_motion_fx_scrolling&quot;:&quot;yes&quot;,&quot;motion_fx_translateX_effect&quot;:&quot;yes&quot;,&quot;motion_fx_translateX_direction&quot;:&quot;negative&quot;,&quot;motion_fx_translateX_speed&quot;:{&quot;unit&quot;:&quot;px&quot;,&quot;size&quot;:6.2,&quot;sizes&quot;:[]},&quot;motion_fx_translateX_affectedRange&quot;:{&quot;unit&quot;:&quot;%&quot;,&quot;size&quot;:&quot;&quot;,&quot;sizes&quot;:{&quot;start&quot;:45,&quot;end&quot;:100}},&quot;motion_fx_range&quot;:&quot;viewport&quot;,&quot;background_background&quot;:&quot;gradient&quot;,&quot;motion_fx_devices&quot;:[&quot;desktop&quot;,&quot;tablet&quot;,&quot;mobile&quot;]}\">\n\t\t\t\t<div class=\"elementor-element elementor-element-ab771ef elementor-widget elementor-widget-heading\" data-id=\"ab771ef\" data-element_type=\"widget\" data-widget_type=\"heading.default\">\n\t\t\t\t<div class=\"elementor-widget-container\">\n\t\t\t\t\t<h2 class=\"elementor-heading-title elementor-size-default\">\u00cates-vous int\u00e9ress\u00e9 par un test?<\/h2>\t\t\t\t<\/div>\n\t\t\t\t<\/div>\n\t\t\t\t<\/div>\n\t\t<div class=\"elementor-element elementor-element-7614c72 e-flex e-con-boxed e-con e-parent\" data-id=\"7614c72\" data-element_type=\"container\" data-settings=\"{&quot;motion_fx_motion_fx_scrolling&quot;:&quot;yes&quot;,&quot;motion_fx_translateX_effect&quot;:&quot;yes&quot;,&quot;motion_fx_translateX_speed&quot;:{&quot;unit&quot;:&quot;px&quot;,&quot;size&quot;:10,&quot;sizes&quot;:[]},&quot;motion_fx_translateX_affectedRange&quot;:{&quot;unit&quot;:&quot;%&quot;,&quot;size&quot;:&quot;&quot;,&quot;sizes&quot;:{&quot;start&quot;:35,&quot;end&quot;:71}},&quot;background_background&quot;:&quot;gradient&quot;,&quot;motion_fx_devices&quot;:[&quot;desktop&quot;,&quot;tablet&quot;,&quot;mobile&quot;]}\">\n\t\t\t\t\t<div class=\"e-con-inner\">\n\t\t\t\t<div class=\"elementor-element elementor-element-8efd4f2 elementor-widget elementor-widget-heading\" data-id=\"8efd4f2\" data-element_type=\"widget\" data-widget_type=\"heading.default\">\n\t\t\t\t<div class=\"elementor-widget-container\">\n\t\t\t\t\t<h2 class=\"elementor-heading-title elementor-size-default\">Alors, contactez-nous pour prendre rendez-vous.<\/h2>\t\t\t\t<\/div>\n\t\t\t\t<\/div>\n\t\t\t\t\t<\/div>\n\t\t\t\t<\/div>\n\t\t<div class=\"elementor-element elementor-element-4f7b750 e-flex e-con-boxed e-con e-parent\" data-id=\"4f7b750\" data-element_type=\"container\">\n\t\t\t\t\t<div class=\"e-con-inner\">\n\t\t\t\t<div class=\"elementor-element elementor-element-d26fb41 elementor-widget elementor-widget-text-editor\" data-id=\"d26fb41\" data-element_type=\"widget\" data-widget_type=\"text-editor.default\">\n\t\t\t\t<div class=\"elementor-widget-container\">\n\t\t\t\t\t\t\t\t\t<p><strong>Du lundi au samedi<\/strong><\/p><p><span style=\"color: #0000ff;\"><strong>10:00 heures<\/strong><\/span><\/p><p><strong>par t\u00e9l\u00e9phone au: 00352 \/ 360650<\/strong><\/p>\t\t\t\t\t\t\t\t<\/div>\n\t\t\t\t<\/div>\n\t\t\t\t<div class=\"elementor-element elementor-element-059dfca elementor-view-stacked elementor-shape-square elementor-invisible elementor-widget elementor-widget-icon\" data-id=\"059dfca\" data-element_type=\"widget\" data-settings=\"{&quot;_animation&quot;:&quot;bounce&quot;}\" data-widget_type=\"icon.default\">\n\t\t\t\t<div class=\"elementor-widget-container\">\n\t\t\t\t\t\t\t<div class=\"elementor-icon-wrapper\">\n\t\t\t<a class=\"elementor-icon\" href=\"#\u00fc\">\n\t\t\t<svg aria-hidden=\"true\" class=\"e-font-icon-svg e-fas-angle-up\" viewBox=\"0 0 320 512\" xmlns=\"http:\/\/www.w3.org\/2000\/svg\"><path d=\"M177 159.7l136 136c9.4 9.4 9.4 24.6 0 33.9l-22.6 22.6c-9.4 9.4-24.6 9.4-33.9 0L160 255.9l-96.4 96.4c-9.4 9.4-24.6 9.4-33.9 0L7 329.7c-9.4-9.4-9.4-24.6 0-33.9l136-136c9.4-9.5 24.6-9.5 34-.1z\"><\/path><\/svg>\t\t\t<\/a>\n\t\t<\/div>\n\t\t\t\t\t\t<\/div>\n\t\t\t\t<\/div>\n\t\t\t\t\t<\/div>\n\t\t\t\t<\/div>\n\t\t<div class=\"elementor-element elementor-element-b732406 e-flex e-con-boxed e-con e-parent\" data-id=\"b732406\" data-element_type=\"container\">\n\t\t\t\t\t<div class=\"e-con-inner\">\n\t\t\t\t\t<\/div>\n\t\t\t\t<\/div>\n\t\t\t\t<\/div>\n\t\t","protected":false},"excerpt":{"rendered":"<p>Un test de combinaisons de natation (wetsuit) peut-\u00eatre un processus utile et \u00e9conomisant du temps pour les triathl\u00e8tes et nageu-rs\/ses amateurs, car ils n&rsquo;ont g\u00e9n\u00e9ralement pas la possibilit\u00e9 d&rsquo;essayer de diff\u00e9rentes marques et mod\u00e8les de combinaisons dans l&rsquo;eau en peu de temps. Gr\u00e2ce \u00e0 notre propre piscine \u00e0 contre-courant, chaque client peut essayer et nager [&hellip;]<\/p>\n","protected":false},"author":6,"featured_media":0,"parent":0,"menu_order":0,"comment_status":"closed","ping_status":"closed","template":"","meta":{"footnotes":""},"class_list":["post-3579","page","type-page","status-publish","hentry"],"jetpack_sharing_enabled":true,"_links":{"self":[{"href":"https:\/\/peters-sports.lu\/fr\/wp-json\/wp\/v2\/pages\/3579","targetHints":{"allow":["GET"]}}],"collection":[{"href":"https:\/\/peters-sports.lu\/fr\/wp-json\/wp\/v2\/pages"}],"about":[{"href":"https:\/\/peters-sports.lu\/fr\/wp-json\/wp\/v2\/types\/page"}],"author":[{"embeddable":true,"href":"https:\/\/peters-sports.lu\/fr\/wp-json\/wp\/v2\/users\/6"}],"replies":[{"embeddable":true,"href":"https:\/\/peters-sports.lu\/fr\/wp-json\/wp\/v2\/comments?post=3579"}],"version-history":[{"count":109,"href":"https:\/\/peters-sports.lu\/fr\/wp-json\/wp\/v2\/pages\/3579\/revisions"}],"predecessor-version":[{"id":7899,"href":"https:\/\/peters-sports.lu\/fr\/wp-json\/wp\/v2\/pages\/3579\/revisions\/7899"}],"wp:attachment":[{"href":"https:\/\/peters-sports.lu\/fr\/wp-json\/wp\/v2\/media?parent=3579"}],"curies":[{"name":"wp","href":"https:\/\/api.w.org\/{rel}","templated":true}]}}