{"id":4843,"date":"2025-04-07T11:35:37","date_gmt":"2025-04-07T11:35:37","guid":{"rendered":"https:\/\/peters-sports.lu\/?page_id=4843"},"modified":"2025-06-08T15:26:10","modified_gmt":"2025-06-08T15:26:10","slug":"medailles-et-de-trophees","status":"publish","type":"page","link":"https:\/\/peters-sports.lu\/fr\/medailles-et-de-trophees\/","title":{"rendered":"m\u00e9dailles et de troph\u00e9es"},"content":{"rendered":"\t\t<div data-elementor-type=\"wp-page\" data-elementor-id=\"4843\" class=\"elementor elementor-4843\" data-elementor-post-type=\"page\">\n\t\t\t\t<div class=\"elementor-element elementor-element-4bc51a7 e-flex e-con-boxed e-con e-parent\" data-id=\"4bc51a7\" data-element_type=\"container\" id=\"strt\" data-settings=\"{&quot;background_background&quot;:&quot;classic&quot;}\">\n\t\t\t\t\t<div class=\"e-con-inner\">\n\t\t<div class=\"elementor-element elementor-element-54402eb e-con-full animated-slow e-flex elementor-invisible e-con e-child\" data-id=\"54402eb\" data-element_type=\"container\" data-settings=\"{&quot;animation&quot;:&quot;fadeInLeft&quot;}\">\n\t\t\t\t<div class=\"elementor-element elementor-element-b245989 elementor-widget elementor-widget-heading\" data-id=\"b245989\" data-element_type=\"widget\" data-widget_type=\"heading.default\">\n\t\t\t\t<div class=\"elementor-widget-container\">\n\t\t\t\t\t<h2 class=\"elementor-heading-title elementor-size-default\">Personnalisation de m\u00e9dailles et de troph\u00e9es<\/h2>\t\t\t\t<\/div>\n\t\t\t\t<\/div>\n\t\t\t\t<div class=\"elementor-element elementor-element-8fc0259 elementor-widget elementor-widget-text-editor\" data-id=\"8fc0259\" data-element_type=\"widget\" data-widget_type=\"text-editor.default\">\n\t\t\t\t<div class=\"elementor-widget-container\">\n\t\t\t\t\t\t\t\t\t<p>Nous offrons la personnalisation de m\u00e9dailles et de troph\u00e9es pour rendre chaque r\u00e9ussite unique. Choisissez parmi divers mat\u00e9riaux, couleurs et options de gravure pour cr\u00e9er une r\u00e9compense personnalis\u00e9e.<\/p>\t\t\t\t\t\t\t\t<\/div>\n\t\t\t\t<\/div>\n\t\t\t\t<\/div>\n\t\t<div class=\"elementor-element elementor-element-08ccd02 e-con-full animated-slow e-flex elementor-invisible e-con e-child\" data-id=\"08ccd02\" data-element_type=\"container\" data-settings=\"{&quot;background_background&quot;:&quot;classic&quot;,&quot;motion_fx_motion_fx_scrolling&quot;:&quot;yes&quot;,&quot;motion_fx_translateY_effect&quot;:&quot;yes&quot;,&quot;motion_fx_translateY_direction&quot;:&quot;negative&quot;,&quot;motion_fx_translateY_speed&quot;:{&quot;unit&quot;:&quot;px&quot;,&quot;size&quot;:8.2,&quot;sizes&quot;:[]},&quot;motion_fx_opacity_effect&quot;:&quot;yes&quot;,&quot;motion_fx_opacity_direction&quot;:&quot;in-out&quot;,&quot;motion_fx_opacity_range&quot;:{&quot;unit&quot;:&quot;%&quot;,&quot;size&quot;:&quot;&quot;,&quot;sizes&quot;:{&quot;start&quot;:43,&quot;end&quot;:80}},&quot;motion_fx_range&quot;:&quot;viewport&quot;,&quot;animation&quot;:&quot;fadeIn&quot;,&quot;motion_fx_translateY_affectedRange&quot;:{&quot;unit&quot;:&quot;%&quot;,&quot;size&quot;:&quot;&quot;,&quot;sizes&quot;:{&quot;start&quot;:0,&quot;end&quot;:100}},&quot;motion_fx_opacity_level&quot;:{&quot;unit&quot;:&quot;px&quot;,&quot;size&quot;:10,&quot;sizes&quot;:[]},&quot;motion_fx_devices&quot;:[&quot;desktop&quot;,&quot;tablet&quot;,&quot;mobile&quot;]}\">\n\t\t\t\t<\/div>\n\t\t\t\t\t<\/div>\n\t\t\t\t<\/div>\n\t\t<div class=\"elementor-element elementor-element-4962774 e-flex e-con-boxed e-con e-parent\" data-id=\"4962774\" data-element_type=\"container\">\n\t\t\t\t\t<div class=\"e-con-inner\">\n\t\t\t\t<div class=\"elementor-element elementor-element-f8aac0b elementor-view-stacked elementor-shape-square elementor-invisible elementor-widget elementor-widget-icon\" data-id=\"f8aac0b\" data-element_type=\"widget\" data-settings=\"{&quot;_animation&quot;:&quot;bounce&quot;}\" data-widget_type=\"icon.default\">\n\t\t\t\t<div class=\"elementor-widget-container\">\n\t\t\t\t\t\t\t<div class=\"elementor-icon-wrapper\">\n\t\t\t<a class=\"elementor-icon\" href=\"#medaille\">\n\t\t\t<svg aria-hidden=\"true\" class=\"e-font-icon-svg e-fas-angle-down\" viewBox=\"0 0 320 512\" xmlns=\"http:\/\/www.w3.org\/2000\/svg\"><path d=\"M143 352.3L7 216.3c-9.4-9.4-9.4-24.6 0-33.9l22.6-22.6c9.4-9.4 24.6-9.4 33.9 0l96.4 96.4 96.4-96.4c9.4-9.4 24.6-9.4 33.9 0l22.6 22.6c9.4 9.4 9.4 24.6 0 33.9l-136 136c-9.2 9.4-24.4 9.4-33.8 0z\"><\/path><\/svg>\t\t\t<\/a>\n\t\t<\/div>\n\t\t\t\t\t\t<\/div>\n\t\t\t\t<\/div>\n\t\t\t\t\t<\/div>\n\t\t\t\t<\/div>\n\t\t<div class=\"elementor-element elementor-element-c06c55f e-flex e-con-boxed e-con e-parent\" data-id=\"c06c55f\" data-element_type=\"container\" id=\"medaille\" data-settings=\"{&quot;background_background&quot;:&quot;classic&quot;}\">\n\t\t\t\t\t<div class=\"e-con-inner\">\n\t\t<div class=\"elementor-element elementor-element-4f40dc0 e-con-full animated-slow e-flex elementor-invisible e-con e-child\" data-id=\"4f40dc0\" data-element_type=\"container\" data-settings=\"{&quot;animation&quot;:&quot;fadeInRight&quot;}\">\n\t\t\t\t<div class=\"elementor-element elementor-element-b8a1b66 elementor-widget elementor-widget-heading\" data-id=\"b8a1b66\" data-element_type=\"widget\" data-widget_type=\"heading.default\">\n\t\t\t\t<div class=\"elementor-widget-container\">\n\t\t\t\t\t<h2 class=\"elementor-heading-title elementor-size-default\">Personnalisation de m\u00e9dailles<\/h2>\t\t\t\t<\/div>\n\t\t\t\t<\/div>\n\t\t\t\t<div class=\"elementor-element elementor-element-86ee7ae elementor-widget elementor-widget-text-editor\" data-id=\"86ee7ae\" data-element_type=\"widget\" data-widget_type=\"text-editor.default\">\n\t\t\t\t<div class=\"elementor-widget-container\">\n\t\t\t\t\t\t\t\t\t<p>Nous vous accompagnons et vous conseillons pour votre m\u00e9daille personnalis\u00e9e. De la proposition de design au produit fini.<\/p>\t\t\t\t\t\t\t\t<\/div>\n\t\t\t\t<\/div>\n\t\t<div class=\"elementor-element elementor-element-c2d8ac0 e-flex e-con-boxed e-con e-child\" data-id=\"c2d8ac0\" data-element_type=\"container\">\n\t\t\t\t\t<div class=\"e-con-inner\">\n\t\t<div class=\"elementor-element elementor-element-7d03ccf e-con-full e-flex e-con e-child\" data-id=\"7d03ccf\" data-element_type=\"container\" data-settings=\"{&quot;background_background&quot;:&quot;classic&quot;}\">\n\t\t\t\t<\/div>\n\t\t\t\t\t<\/div>\n\t\t\t\t<\/div>\n\t\t<div class=\"elementor-element elementor-element-5c4eb95 e-con-full e-flex e-con e-child\" data-id=\"5c4eb95\" data-element_type=\"container\">\n\t\t<div class=\"elementor-element elementor-element-1ff677d e-con-full e-flex e-con e-child\" data-id=\"1ff677d\" data-element_type=\"container\" data-settings=\"{&quot;background_background&quot;:&quot;classic&quot;}\">\n\t\t\t\t<\/div>\n\t\t\t\t<\/div>\n\t\t<div class=\"elementor-element elementor-element-bee5ada e-con-full e-flex e-con e-child\" data-id=\"bee5ada\" data-element_type=\"container\">\n\t\t<div class=\"elementor-element elementor-element-dadbb16 e-con-full e-flex e-con e-child\" data-id=\"dadbb16\" data-element_type=\"container\" data-settings=\"{&quot;background_background&quot;:&quot;classic&quot;}\">\n\t\t\t\t<\/div>\n\t\t\t\t<\/div>\n\t\t\t\t<\/div>\n\t\t<div class=\"elementor-element elementor-element-9911ad4 e-con-full animated-slow e-flex e-con e-child\" data-id=\"9911ad4\" data-element_type=\"container\" data-settings=\"{&quot;background_background&quot;:&quot;classic&quot;,&quot;motion_fx_motion_fx_scrolling&quot;:&quot;yes&quot;,&quot;motion_fx_translateY_effect&quot;:&quot;yes&quot;,&quot;motion_fx_translateY_direction&quot;:&quot;negative&quot;,&quot;motion_fx_translateY_affectedRange&quot;:{&quot;unit&quot;:&quot;%&quot;,&quot;size&quot;:&quot;&quot;,&quot;sizes&quot;:{&quot;start&quot;:13,&quot;end&quot;:92}},&quot;motion_fx_opacity_effect&quot;:&quot;yes&quot;,&quot;motion_fx_opacity_direction&quot;:&quot;out-in-out&quot;,&quot;motion_fx_opacity_range&quot;:{&quot;unit&quot;:&quot;%&quot;,&quot;size&quot;:&quot;&quot;,&quot;sizes&quot;:{&quot;start&quot;:59,&quot;end&quot;:75}},&quot;motion_fx_range&quot;:&quot;viewport&quot;,&quot;animation&quot;:&quot;none&quot;,&quot;motion_fx_translateY_speed&quot;:{&quot;unit&quot;:&quot;px&quot;,&quot;size&quot;:4,&quot;sizes&quot;:[]},&quot;motion_fx_opacity_level&quot;:{&quot;unit&quot;:&quot;px&quot;,&quot;size&quot;:10,&quot;sizes&quot;:[]},&quot;motion_fx_devices&quot;:[&quot;desktop&quot;,&quot;tablet&quot;,&quot;mobile&quot;]}\">\n\t\t\t\t<\/div>\n\t\t\t\t\t<\/div>\n\t\t\t\t<\/div>\n\t\t<div class=\"elementor-element elementor-element-c433774 e-flex e-con-boxed e-con e-parent\" data-id=\"c433774\" data-element_type=\"container\">\n\t\t\t\t\t<div class=\"e-con-inner\">\n\t\t\t\t<div class=\"elementor-element elementor-element-aacc935 elementor-view-stacked elementor-shape-square elementor-invisible elementor-widget elementor-widget-icon\" data-id=\"aacc935\" data-element_type=\"widget\" data-settings=\"{&quot;_animation&quot;:&quot;bounce&quot;}\" data-widget_type=\"icon.default\">\n\t\t\t\t<div class=\"elementor-widget-container\">\n\t\t\t\t\t\t\t<div class=\"elementor-icon-wrapper\">\n\t\t\t<a class=\"elementor-icon\" href=\"#trophes\">\n\t\t\t<svg aria-hidden=\"true\" class=\"e-font-icon-svg e-fas-angle-down\" viewBox=\"0 0 320 512\" xmlns=\"http:\/\/www.w3.org\/2000\/svg\"><path d=\"M143 352.3L7 216.3c-9.4-9.4-9.4-24.6 0-33.9l22.6-22.6c9.4-9.4 24.6-9.4 33.9 0l96.4 96.4 96.4-96.4c9.4-9.4 24.6-9.4 33.9 0l22.6 22.6c9.4 9.4 9.4 24.6 0 33.9l-136 136c-9.2 9.4-24.4 9.4-33.8 0z\"><\/path><\/svg>\t\t\t<\/a>\n\t\t<\/div>\n\t\t\t\t\t\t<\/div>\n\t\t\t\t<\/div>\n\t\t\t\t\t<\/div>\n\t\t\t\t<\/div>\n\t\t<div class=\"elementor-element elementor-element-ec1aab9 e-flex e-con-boxed elementor-invisible e-con e-parent\" data-id=\"ec1aab9\" data-element_type=\"container\" id=\"trophes\" data-settings=\"{&quot;background_background&quot;:&quot;classic&quot;,&quot;animation&quot;:&quot;fadeInUp&quot;,&quot;animation_delay&quot;:500}\">\n\t\t\t\t\t<div class=\"e-con-inner\">\n\t\t<div class=\"elementor-element elementor-element-cf8993e e-flex e-con-boxed e-con e-child\" data-id=\"cf8993e\" data-element_type=\"container\">\n\t\t\t\t\t<div class=\"e-con-inner\">\n\t\t<div class=\"elementor-element elementor-element-d1315f4 e-con-full e-flex e-con e-child\" data-id=\"d1315f4\" data-element_type=\"container\">\n\t\t<div class=\"elementor-element elementor-element-91e0cde e-con-full e-flex e-con e-child\" data-id=\"91e0cde\" data-element_type=\"container\" data-settings=\"{&quot;background_background&quot;:&quot;classic&quot;}\">\n\t\t\t\t<\/div>\n\t\t<div class=\"elementor-element elementor-element-23cb3ad e-con-full e-flex e-con e-child\" data-id=\"23cb3ad\" data-element_type=\"container\">\n\t\t\t\t<div class=\"elementor-element elementor-element-aca0d95 elementor-widget elementor-widget-heading\" data-id=\"aca0d95\" data-element_type=\"widget\" data-widget_type=\"heading.default\">\n\t\t\t\t<div class=\"elementor-widget-container\">\n\t\t\t\t\t<h2 class=\"elementor-heading-title elementor-size-default\">Votre troph\u00e9e unique<\/h2>\t\t\t\t<\/div>\n\t\t\t\t<\/div>\n\t\t\t\t<div class=\"elementor-element elementor-element-c78197f elementor-widget elementor-widget-text-editor\" data-id=\"c78197f\" data-element_type=\"widget\" data-widget_type=\"text-editor.default\">\n\t\t\t\t<div class=\"elementor-widget-container\">\n\t\t\t\t\t\t\t\t\t<p>Une touche individuelle fait la diff\u00e9rence. Faites-vous remarquer par des prix uniques lors de votre \u00e9v\u00e9nement.<\/p>\t\t\t\t\t\t\t\t<\/div>\n\t\t\t\t<\/div>\n\t\t<div class=\"elementor-element elementor-element-250e03e e-con-full e-flex e-con e-child\" data-id=\"250e03e\" data-element_type=\"container\">\n\t\t<div class=\"elementor-element elementor-element-44288b3 e-con-full e-flex e-con e-child\" data-id=\"44288b3\" data-element_type=\"container\" data-settings=\"{&quot;background_background&quot;:&quot;classic&quot;}\">\n\t\t\t\t<\/div>\n\t\t\t\t<\/div>\n\t\t\t\t<\/div>\n\t\t\t\t<\/div>\n\t\t\t\t\t<\/div>\n\t\t\t\t<\/div>\n\t\t\t\t\t<\/div>\n\t\t\t\t<\/div>\n\t\t<div class=\"elementor-element elementor-element-1ae7873 e-flex e-con-boxed e-con e-parent\" data-id=\"1ae7873\" data-element_type=\"container\">\n\t\t\t\t\t<div class=\"e-con-inner\">\n\t\t\t\t<div class=\"elementor-element elementor-element-2d51c91 elementor-view-stacked elementor-shape-square elementor-invisible elementor-widget elementor-widget-icon\" data-id=\"2d51c91\" data-element_type=\"widget\" data-settings=\"{&quot;_animation&quot;:&quot;bounce&quot;}\" data-widget_type=\"icon.default\">\n\t\t\t\t<div class=\"elementor-widget-container\">\n\t\t\t\t\t\t\t<div class=\"elementor-icon-wrapper\">\n\t\t\t<a class=\"elementor-icon\" href=\"#patch\">\n\t\t\t<svg aria-hidden=\"true\" class=\"e-font-icon-svg e-fas-angle-down\" viewBox=\"0 0 320 512\" xmlns=\"http:\/\/www.w3.org\/2000\/svg\"><path d=\"M143 352.3L7 216.3c-9.4-9.4-9.4-24.6 0-33.9l22.6-22.6c9.4-9.4 24.6-9.4 33.9 0l96.4 96.4 96.4-96.4c9.4-9.4 24.6-9.4 33.9 0l22.6 22.6c9.4 9.4 9.4 24.6 0 33.9l-136 136c-9.2 9.4-24.4 9.4-33.8 0z\"><\/path><\/svg>\t\t\t<\/a>\n\t\t<\/div>\n\t\t\t\t\t\t<\/div>\n\t\t\t\t<\/div>\n\t\t\t\t\t<\/div>\n\t\t\t\t<\/div>\n\t\t<div class=\"elementor-element elementor-element-cb39cb1 e-flex e-con-boxed e-con e-parent\" data-id=\"cb39cb1\" data-element_type=\"container\">\n\t\t\t\t\t<div class=\"e-con-inner\">\n\t\t\t\t<div class=\"elementor-element elementor-element-8002a34 elementor-widget elementor-widget-heading\" data-id=\"8002a34\" data-element_type=\"widget\" id=\"patch\" data-widget_type=\"heading.default\">\n\t\t\t\t<div class=\"elementor-widget-container\">\n\t\t\t\t\t<h2 class=\"elementor-heading-title elementor-size-default\">Patches personnalis\u00e9s:<\/h2>\t\t\t\t<\/div>\n\t\t\t\t<\/div>\n\t\t\t\t<div class=\"elementor-element elementor-element-c2d3fb5 elementor-widget elementor-widget-text-editor\" data-id=\"c2d3fb5\" data-element_type=\"widget\" data-widget_type=\"text-editor.default\">\n\t\t\t\t<div class=\"elementor-widget-container\">\n\t\t\t\t\t\t\t\t\t<p>Nous cr\u00e9ons des patchs personnalis\u00e9s. Que vous conceviez pour une \u00e9quipe, un club ou un projet personnel, nos patchs de haute qualit\u00e9 sont parfaits pour ajouter une touche personnelle \u00e0 vos vestes, sacs et plus encore. Choisissez parmi diverses formes, tailles et couleurs vibrantes et laissez nous donnez vie \u00e0 votre vision avec des broderies ou des impressions d\u00e9taill\u00e9es. Durables et con\u00e7us pour durer, nos patchs garantissent que votre design se d\u00e9marque et fait une d\u00e9claration.<\/p>\t\t\t\t\t\t\t\t<\/div>\n\t\t\t\t<\/div>\n\t\t<div class=\"elementor-element elementor-element-ed03a4f e-con-full e-flex e-con e-child\" data-id=\"ed03a4f\" data-element_type=\"container\">\n\t\t\t\t<div class=\"elementor-element elementor-element-908ad81 elementor-view-stacked elementor-shape-square elementor-invisible elementor-widget elementor-widget-icon\" data-id=\"908ad81\" data-element_type=\"widget\" data-settings=\"{&quot;_animation&quot;:&quot;bounce&quot;}\" data-widget_type=\"icon.default\">\n\t\t\t\t<div class=\"elementor-widget-container\">\n\t\t\t\t\t\t\t<div class=\"elementor-icon-wrapper\">\n\t\t\t<a class=\"elementor-icon\" href=\"#strt\">\n\t\t\t<svg aria-hidden=\"true\" class=\"e-font-icon-svg e-fas-angle-up\" viewBox=\"0 0 320 512\" xmlns=\"http:\/\/www.w3.org\/2000\/svg\"><path d=\"M177 159.7l136 136c9.4 9.4 9.4 24.6 0 33.9l-22.6 22.6c-9.4 9.4-24.6 9.4-33.9 0L160 255.9l-96.4 96.4c-9.4 9.4-24.6 9.4-33.9 0L7 329.7c-9.4-9.4-9.4-24.6 0-33.9l136-136c9.4-9.5 24.6-9.5 34-.1z\"><\/path><\/svg>\t\t\t<\/a>\n\t\t<\/div>\n\t\t\t\t\t\t<\/div>\n\t\t\t\t<\/div>\n\t\t\t\t<\/div>\n\t\t\t\t\t<\/div>\n\t\t\t\t<\/div>\n\t\t\t\t<\/div>\n\t\t","protected":false},"excerpt":{"rendered":"<p>Personnalisation de m\u00e9dailles et de troph\u00e9es Nous offrons la personnalisation de m\u00e9dailles et de troph\u00e9es pour rendre chaque r\u00e9ussite unique. Choisissez parmi divers mat\u00e9riaux, couleurs et options de gravure pour cr\u00e9er une r\u00e9compense personnalis\u00e9e. Personnalisation de m\u00e9dailles Nous vous accompagnons et vous conseillons pour votre m\u00e9daille personnalis\u00e9e. De la proposition de design au produit fini. [&hellip;]<\/p>\n","protected":false},"author":6,"featured_media":0,"parent":0,"menu_order":0,"comment_status":"closed","ping_status":"closed","template":"","meta":{"footnotes":""},"class_list":["post-4843","page","type-page","status-publish","hentry"],"jetpack_sharing_enabled":true,"_links":{"self":[{"href":"https:\/\/peters-sports.lu\/fr\/wp-json\/wp\/v2\/pages\/4843","targetHints":{"allow":["GET"]}}],"collection":[{"href":"https:\/\/peters-sports.lu\/fr\/wp-json\/wp\/v2\/pages"}],"about":[{"href":"https:\/\/peters-sports.lu\/fr\/wp-json\/wp\/v2\/types\/page"}],"author":[{"embeddable":true,"href":"https:\/\/peters-sports.lu\/fr\/wp-json\/wp\/v2\/users\/6"}],"replies":[{"embeddable":true,"href":"https:\/\/peters-sports.lu\/fr\/wp-json\/wp\/v2\/comments?post=4843"}],"version-history":[{"count":199,"href":"https:\/\/peters-sports.lu\/fr\/wp-json\/wp\/v2\/pages\/4843\/revisions"}],"predecessor-version":[{"id":7972,"href":"https:\/\/peters-sports.lu\/fr\/wp-json\/wp\/v2\/pages\/4843\/revisions\/7972"}],"wp:attachment":[{"href":"https:\/\/peters-sports.lu\/fr\/wp-json\/wp\/v2\/media?parent=4843"}],"curies":[{"name":"wp","href":"https:\/\/api.w.org\/{rel}","templated":true}]}}